{"id":275,"date":"2020-05-06T04:46:59","date_gmt":"2020-05-06T04:46:59","guid":{"rendered":"https:\/\/corazonblanco.sanchez.nl\/corazonblanco\/?page_id=275"},"modified":"2020-05-26T08:48:22","modified_gmt":"2020-05-26T08:48:22","slug":"tableau-software","status":"publish","type":"page","link":"https:\/\/corazonblanco.sanchez.nl\/corazonblanco\/?page_id=275","title":{"rendered":"Tableau Software"},"content":{"rendered":"<div class=\"col-md-6 col-sm-6 col-xs-12\">\n<div class=\"about-img-area wow fadeInDown animated animated animated animated animated\" style=\"visibility: visible; animation-delay: 0.4s; animation-name: fadeInDown;\" data-wow-delay=\"0.4s\"><img decoding=\"async\" loading=\"lazy\" class=\"alignnone  wp-image-245\" src=\"http:\/\/corazonblanco.sanchez.nl\/wp-content\/uploads\/2020\/05\/telfoto-935x1024.jpg\" alt=\"\" width=\"531\" height=\"797\"><\/div>\n<\/div>\n<div class=\"col-md-6 col-sm-6 col-xs-12 wow fadeInDown animated animated animated animated animated\" style=\"visibility: visible; animation-delay: 0.4s; animation-name: fadeInDown;\" data-wow-delay=\"0.4s\">\n<h2>Tableau is d\u00e9 standaard!<\/h2>\n<p>Tableau is een gebruiksvriendelijke tool om veel data te visualiseren en samen te voegen in een KPI dashboard. Het voordeel hiervan is dat de data begrijpbaar wordt zodat u meer in control raakt over uw bedrijfsvoering. Door de intu\u00eftieve opzet heeft u nauwelijks training nodig om het zelf onder de knie te krijgen waardoor de implementatie razendsnel verloopt.<\/p>\n<p>Volgens het onafhankelijke onderzoeksbureau Gartner staat Tableau al jaren in de top van het business intelligence leiderskwadrant en maken alleen al in Nederland duizenden mensen gebruik van deze revolutionaire tool. Het zelf kunnen ontwikkelen van KPI dashboards is na een eendaagse training net zo eenvoudig als het typen van een brief in Microsoft Word. Het intu\u00eftieve karakter maakt van iedereen een data analist en we garanderen dan ook dat u na \u00e9\u00e9n dag zelf aan de slag kunt met uw eigen data.<\/p>\n<p>Wij hebben in de afgelopen jaren meer dan duizend mensen getraind en ons Tableau trainingsprogramma telkens verbeterd zodat iedereen makkelijk mee kan komen met de lesstof. Meer weten? <a href=\"https:\/\/corazonblanco.sanchez.nl\/corazonblanco\/?page_id=326\">Hier<\/a> vindt u ons trainingsaanbod.<\/p>\n<p>Hieronder ziet u een kort filmpje waarin 2 minuten wordt uitgelegd wat u er allemaal mee kunt bereiken.<\/p>\n<p>.<\/p>\n<\/div>\n\n\n<blockquote class=\"wp-block-quote is-style-default\"><p><p><strong>Introductie Tableau<\/strong> <\/p><\/blockquote>\n\n\n<p><\/p>\n<p><\/p><center><iframe loading=\"lazy\" src=\"https:\/\/www.youtube.com\/embed\/YfE9jBq002s\" width=\"900\" height=\"600\" frameborder=\"0\" allowfullscreen=\"allowfullscreen\"><\/iframe><\/center><p><\/p>","protected":false},"excerpt":{"rendered":"<p>Tableau is d\u00e9 standaard! Tableau is een gebruiksvriendelijke tool om veel data te visualiseren en samen te voegen in een KPI dashboard. Het voordeel hiervan is dat de data begrijpbaar wordt zodat u meer in control raakt over uw bedrijfsvoering. Door de intu\u00eftieve opzet heeft u nauwelijks training nodig om het zelf onder de knie<\/p><\/div>\n<div class=\"blog-btn\"><a href=\"https:\/\/corazonblanco.sanchez.nl\/corazonblanco\/?page_id=275\" class=\"home-blog-btn\">Meer lezen<\/a><\/p>\n","protected":false},"author":3110,"featured_media":0,"parent":0,"menu_order":0,"comment_status":"closed","ping_status":"closed","template":"template\/template-about.php","meta":{"_monsterinsights_skip_tracking":false,"_monsterinsights_sitenote_active":false,"_monsterinsights_sitenote_note":"","_monsterinsights_sitenote_category":0},"_links":{"self":[{"href":"https:\/\/corazonblanco.sanchez.nl\/corazonblanco\/index.php?rest_route=\/wp\/v2\/pages\/275"}],"collection":[{"href":"https:\/\/corazonblanco.sanchez.nl\/corazonblanco\/index.php?rest_route=\/wp\/v2\/pages"}],"about":[{"href":"https:\/\/corazonblanco.sanchez.nl\/corazonblanco\/index.php?rest_route=\/wp\/v2\/types\/page"}],"author":[{"embeddable":true,"href":"https:\/\/corazonblanco.sanchez.nl\/corazonblanco\/index.php?rest_route=\/wp\/v2\/users\/3110"}],"replies":[{"embeddable":true,"href":"https:\/\/corazonblanco.sanchez.nl\/corazonblanco\/index.php?rest_route=%2Fwp%2Fv2%2Fcomments&post=275"}],"version-history":[{"count":47,"href":"https:\/\/corazonblanco.sanchez.nl\/corazonblanco\/index.php?rest_route=\/wp\/v2\/pages\/275\/revisions"}],"predecessor-version":[{"id":427,"href":"https:\/\/corazonblanco.sanchez.nl\/corazonblanco\/index.php?rest_route=\/wp\/v2\/pages\/275\/revisions\/427"}],"wp:attachment":[{"href":"https:\/\/corazonblanco.sanchez.nl\/corazonblanco\/index.php?rest_route=%2Fwp%2Fv2%2Fmedia&parent=275"}],"curies":[{"name":"wp","href":"https:\/\/api.w.org\/{rel}","templated":true}]}}